{"id":430,"date":"2022-06-22T11:45:51","date_gmt":"2022-06-22T11:45:51","guid":{"rendered":"https:\/\/goies.eu\/?page_id=430"},"modified":"2022-06-22T12:04:02","modified_gmt":"2022-06-22T12:04:02","slug":"termeni-si-conditii","status":"publish","type":"page","link":"https:\/\/goies.eu\/es\/termeni-si-conditii\/","title":{"rendered":"Termeni \u0219i condi\u021bii"},"content":{"rendered":"<p>[et_pb_section fb_built=&#8221;1&#8243; _builder_version=&#8221;4.17.4&#8243; _module_preset=&#8221;default&#8221; global_colors_info=&#8221;{}&#8221;][et_pb_row _builder_version=&#8221;4.17.4&#8243; _module_preset=&#8221;default&#8221; global_colors_info=&#8221;{}&#8221;][et_pb_column type=&#8221;4_4&#8243; _builder_version=&#8221;4.17.4&#8243; _module_preset=&#8221;default&#8221; global_colors_info=&#8221;{}&#8221;][et_pb_text _builder_version=&#8221;4.17.4&#8243; _module_preset=&#8221;default&#8221; custom_margin=&#8221;30px||30px||false|false&#8221; hover_enabled=&#8221;0&#8243; global_colors_info=&#8221;{}&#8221; header_2_font_size_last_edited=&#8221;on|phone&#8221; sticky_enabled=&#8221;0&#8243; header_2_font_size_phone=&#8221;23px&#8221;]<\/p>\n<div class=\"fusion-title title fusion-title-2 fusion-no-small-visibility fusion-sep-none fusion-title-center fusion-title-text fusion-title-size-one\">\n<h2 class=\"title-heading-center fusion-responsive-typography-calculated\" style=\"text-align: center;\">Termeni \u0219i condi\u021bii<\/h2>\n<p>&nbsp;<\/p>\n<p>&nbsp;<\/p>\n<\/div>\n<p>Conditii Generale pentru utilizarea site-ului www.goies.eu<\/p>\n<p>ACCEPTAREA CONDITIILOR<\/p>\n<p>Prin accesarea acestui site web si\/sau a oricarei pagini a acestuia sunteti de acord cu aceste conditii de utilizare. Daca nu sunteti de acord cu acesti termeni si conditii de utilizare, nu accesati acest site.<\/p>\n<p>DESCRIEREA SERVICIILOR<\/p>\n<p>Siteul nostru va pune la dispozitie informatiile din acest site web in scop informativ general si nu garanteaza de exactitatea lor la un moment dat, desi se va incerca pe cat posibil ca la publicarea lor pe site toate informatiile sa fie exacte.<\/p>\n<p>INTRODUCERE<br \/>Prezentele Conditii Generale definesc conditiile de utilizare a site-ului www.goies.eu de catre potentialii vizitatori sau clienti. Acces\u00e2nd si navig\u00e2nd pe acest site, acceptati termenii de utilizare descrisi \u00een continuare.<\/p>\n<p>DREPTURILE ASUPRA CONTINUTULUI SITE-ULUI<br \/><span>\u00a0I GO INTERNATIONAL EXPRESS SOLUTION SRL<\/span>, nu va transfera titlul de proprietate asupra aplicatiilor software .<\/p>\n<p><span>\u00a0I GO INTERNATIONAL EXPRESS SOLUTION SRL<\/span> detine drepturi complete si depline asupra titlului de proprietate si prin aceasta toate drepturile de autor si cele brevetate. Nu aveti dreptul sa redistribuiti, vindeti, decompilati, dezasamblati aplicatia software \u00eentr-o forma perceptibila de catre oameni.<\/p>\n<p>Toate informatiile, produsele sau aplicatiile continute \u00een acest site sunt proprietatea <span>\u00a0I GO INTERNATIONAL EXPRESS SOLUTION SRL<\/span>, care \u00eesi rezerva dreptul de a modifica continutul si\/sau structura site-ului \u00een orice moment si fara nici o informare prealabila.<\/p>\n<p>\u00centregul continut al site-ului www.goies.eu este protejat prin legea drepturilor de autor, toate drepturile fiind rezervate. Toate drepturile referitoare la pagini, continutul si prezentarea site-ului sunt detinute de <span>\u00a0I GO INTERNATIONAL EXPRESS SOLUTION SRL<\/span>. Este interzisa copierea, modificarea, afisarea, distribuirea, transmiterea, publicarea, comercializarea, licentierea, crearea unor materiale derivate sau utilizarea continutului site-ului \u00een orice scop fara confirmarea scrisa din partea <span>\u00a0I GO INTERNATIONAL EXPRESS SOLUTION SRL<\/span>.<\/p>\n<p>Accesul si utilizarea paginii www.goies.eu sunt gratuite si au scopul de a veni in ajutorul utilizatorilor pentru a gasi informatiile necesare \u00een cel mai usor si rapid mod posibil, conform cerintelor fiecaruia.<\/p>\n<p>Informatiile prezente pe www.goies.eu sunt de interes general si sunt puse la dispozitia utilizatorilor \u00een mod gratuit. Prin termenul \u201eutilizator\u201d al acestei pagini se \u00eentelege orice persoana fizica sau juridica care va accesa pagina. Puteti copia si tipari continutul paginii www.goies.eu pentru folosinta dumneavoastra personala, fara intentii comerciale. \u00cen orice alte situatii, continutul www.goies.eu nu poate fi reprodus, modificat sau exploatat fara consimtam\u00e2ntul explicit al reprezentantilor www.goies.eu.<\/p>\n<p>NEANGAJAREA RASPUNDERII<br \/>Continutul informatiilor se refera la descrierea \u00eentr-un anumit grad de detaliere a activitatilor, produselor si serviciilor <span>I GO INTERNATIONAL EXPRESS SOLUTION SRL<\/span>. <span>I GO INTERNATIONAL EXPRESS SOLUTION SRL<\/span>. nu va acorda nici o garantie referitoare la:<\/p>\n<p>\u2013 evitarea utilizarii anevoioase sau \u00eentreruperii \u00een utilizare a site-ului;<br \/>\u2013 neafectarea \u00een sens negativ a altor sisteme prin utilizarea site-ului;<br \/>\u2013 inexistenta pe site-ul pus la dispozitie a virusilor sau alte componente care ar putea dauna utilizatorilor.<\/p>\n<p>Astfel, <span>I GO INTERNATIONAL EXPRESS SOLUTION SRL<\/span>. nu poate fi responsabila pentru nici un fel de daune directe sau indirecte produse prin utilizarea site-ului sau.<br \/>Toate informatiile prezentate pe site cu privire la produsele www.goies.eu, preturi, informatii, campanii si promotii de marketing, aspecte tehnice, sunt prezentate cu titlu informativ. Nimic din continutul site-ului www.goies.eu nu poate constitui o oferta ferma de a contracta si nu poate angaja raspunderea Amigio \u00een lipsa unor acorduri ulterioare.<\/p>\n<p>Continutul paginii web www.goies.eu, a informatiilor si a altor materiale prezentate de Comunitatea www.goies.eu nu reprezinta o consultatie juridica \u00een sensul Legii nr. 51\/1995.<\/p>\n<p>GDPR este un set de reguli bazat pe principii complexe, care este deschis la interpretare si cotine, de asemenea, numeroase domenii \u00een care statele membre sunt invitate sa intervina. \u00cen prezent exista foarte putine \u00eendrumari cu privire la implementarea GDPR si este posibil ca Autoritatile de Supraveghere sa aiba puncte de vedere diferite fata de cele exprimate \u00een acest ?ablon. \u00cen ciuda eforturilor noastre de a oferi cele mai bune servicii, nu putem anticipa cu exactitate modul \u00een care Autoritatea de Supraveghere sau instan?ele de judecata vor interpreta Regulamentul.<\/p>\n<p><a href=\"http:\/\/www.goies.eu\">www.goies.eu<\/a> nu face nicio declaratie, promisiune sau garantie cu privire la exactitatea, exhaustivitatea sau caracterul adecvat al prezentului continut, al \u00eendrumarilor si a consultantei, nu \u00eesi asuma nicio obligatie de rezultat sau diligenta fata de nicio persoana, exclud \u00een mod expres si neaga raspunderea pentru orice cost, pierdere sau daunele suferite ca urmare a utilizarii continutului.<\/p>\n<p>OBIECTIVUL CONTINUTULUI SITE-ULUI<br \/>Obiectivul continutului site-ului este de a transmite informatii actualizate si exacte.<\/p>\n<p><span>I GO INTERNATIONAL EXPRESS SOLUTION SRL<\/span>\u00a0nu poate garanta ca prezentele pagini nu contin erori, si asigura ca va depune toate diligentele pentru realizarea unei informari corecte si remedierea eventualelor erori.<\/p>\n<p>Orice persoana care doreste sa-si procure unul din serviciile sau produsele prezentate \u00een site este rugata sa contacteze <span>I GO INTERNATIONAL EXPRESS SOLUTION SRL<\/span>\u00a0prin unul din mijloacele afisate \u00een pagina de Contact a site-ului, pentru a se informa at\u00e2t asupra disponibilitatii serviciului sau produsului \u00een cauza c\u00e2t si asupra conditiilor contractuale, tarifelor si informatiilor tehnice sau de alta natura.<\/p>\n<p>INFORMATII PERSONALE<br \/>C\u00e2nd prin intermediul prezentului<span> site <\/span>va sunt solicitate informatii, aceasta are ca scop identificarea dumneavoastra sau posibilitatea de a va contacta. Acest lucru este cu at\u00e2t mai necesar \u00een cazul folosirii aplicatiilor disponibile pe site.<\/p>\n<p>Natura informatiilor solicitate se refera \u00een special la date personale (nume, adresa, numere de telefon), adresa de e-mail, modul \u00een care sunt utilizate sau intentioneaza sa fie utilizate produsele si\/sau serviciile <span>I GO INTERNATIONAL EXPRESS SOLUTION SRL<\/span>, dar poate include si alte informatii aflate \u00een str\u00e2nsa legatura cu utilizarea serviciilor si\/sau produselor solicitate.<\/p>\n<p>Cu scopul de a raspunde mai bine nevoilor si \u00eentrebarilor utilizatorilor site-ului, informatiile solicitate prin intermediul acestui site vor face obiectul unei stocari si prelucrari electronice.<\/p>\n<p>LEGATURA CU ALTE SITE-URI<br \/>Prezentul site poate contine legaturi sau trimiteri catre alte site-uri considerate de <span>I GO INTERNATIONAL EXPRESS SOLUTION SRL<\/span>\u00a0utile \u00een legatura cu continutul site-ului sau si care nu se afla sub controlul sau \u00eendrumarea sa. \u00cen cazul utilizarii acestor legaturi sau trimiteri se vor aplica conditiile generale de utilizare corespunzatoare acelor site-uri.<\/p>\n<p><span>I GO INTERNATIONAL EXPRESS SOLUTION SRL<\/span>\u00a0nu poate garanta\/controla actualitatea\/exactitatea informatiilor prezente pe site-urile unor terti, la care se face trimitere de pe site-ul sau.<\/p>\n<p>INFORMATIILE OFERITE PRIN INTERMEDIUL SITE-ULUI<br \/>Orice persoana care viziteaza site-ul www.goies.eu si care ofera date sau informatii cu caracter personal prin intermediul acestui site \u00eesi manifesta acordul \u00een mod expres si neechivoc pentru urmatoarele: prelucrarea acestor date si informatii personale de catre <span>I GO INTERNATIONAL EXPRESS SOLUTION SRL<\/span>; transmiterii de materiale promotionale specifice operatiunilor de marketing direct; solutionarea de catre <span>I GO INTERNATIONAL EXPRESS SOLUTION SRL<\/span> a cererilor, \u00eentrebarilor si reclamatiilor adresate (a se vedea pagina Contact din site); alte activitati \u00eentreprinse de <span>I GO INTERNATIONAL EXPRESS SOLUTION SRL<\/span>\u00a0si permise de lege, ce nu fac obiectul unei aprobari din partea destinatarului.<\/p>\n<p><span>I GO INTERNATIONAL EXPRESS SOLUTION SRL <\/span>va pastra confidentialitatea acestor informatii.<\/p>\n<p>Utilizarea \u00een continuare a acestui site constituie acordul expres si neechivoc al dumneavoastra \u00een conformitate cu prevederile legii 677\/2001 si directivelor GDPR pentru protectia persoanelor cu privire la prelucrarea datelor cu caracter personal si libera circulatie a acestor date.<\/p>\n<p>Pentru orice nelamurire \u00een legatura cu exercitarea drepturilor dumneavoastra referitoare la utilizarea site-ului si la protectia utilizarii va rugam sa ne contactati prin intermediul sectiunii Contact din site.<\/p>\n<p>[\/et_pb_text][\/et_pb_column][\/et_pb_row][\/et_pb_section]<\/p>\n","protected":false},"excerpt":{"rendered":"<p>Termeni \u0219i condi\u021bii &nbsp; &nbsp; Conditii Generale pentru utilizarea site-ului www.goies.eu ACCEPTAREA CONDITIILOR Prin accesarea acestui site web si\/sau a oricarei pagini a acestuia sunteti de acord cu aceste conditii de utilizare. Daca nu sunteti de acord cu acesti termeni si conditii de utilizare, nu accesati acest site. DESCRIEREA SERVICIILOR Siteul nostru va pune la [&hellip;]<\/p>\n","protected":false},"author":1,"featured_media":0,"parent":0,"menu_order":0,"comment_status":"closed","ping_status":"closed","template":"","meta":{"_et_pb_use_builder":"on","_et_pb_old_content":"","_et_gb_content_width":"","footnotes":""},"class_list":["post-430","page","type-page","status-publish","hentry"],"yoast_head":"<!-- This site is optimized with the Yoast SEO plugin v19.5 - https:\/\/yoast.com\/wordpress\/plugins\/seo\/ -->\n<title>Termeni \u0219i condi\u021bii - GOIES<\/title>\n<meta name=\"robots\" content=\"index, follow, max-snippet:-1, max-image-preview:large, max-video-preview:-1\" \/>\n<link rel=\"canonical\" href=\"https:\/\/goies.eu\/es\/termeni-si-conditii\/\" \/>\n<meta property=\"og:locale\" content=\"en_US\" \/>\n<meta property=\"og:type\" content=\"article\" \/>\n<meta property=\"og:title\" content=\"Termeni \u0219i condi\u021bii - GOIES\" \/>\n<meta property=\"og:description\" content=\"Termeni \u0219i condi\u021bii &nbsp; &nbsp; Conditii Generale pentru utilizarea site-ului www.goies.eu ACCEPTAREA CONDITIILOR Prin accesarea acestui site web si\/sau a oricarei pagini a acestuia sunteti de acord cu aceste conditii de utilizare. Daca nu sunteti de acord cu acesti termeni si conditii de utilizare, nu accesati acest site. DESCRIEREA SERVICIILOR Siteul nostru va pune la [&hellip;]\" \/>\n<meta property=\"og:url\" content=\"https:\/\/goies.eu\/es\/termeni-si-conditii\/\" \/>\n<meta property=\"og:site_name\" content=\"GOIES\" \/>\n<meta property=\"article:publisher\" content=\"https:\/\/www.facebook.com\/IGoies\" \/>\n<meta property=\"article:modified_time\" content=\"2022-06-22T12:04:02+00:00\" \/>\n<meta name=\"twitter:card\" content=\"summary_large_image\" \/>\n<meta name=\"twitter:label1\" content=\"Est. reading time\" \/>\n\t<meta name=\"twitter:data1\" content=\"7 minutes\" \/>\n<script type=\"application\/ld+json\" class=\"yoast-schema-graph\">{\"@context\":\"https:\/\/schema.org\",\"@graph\":[{\"@type\":\"WebPage\",\"@id\":\"https:\/\/goies.eu\/es\/termeni-si-conditii\/\",\"url\":\"https:\/\/goies.eu\/es\/termeni-si-conditii\/\",\"name\":\"Termeni \u0219i condi\u021bii - GOIES\",\"isPartOf\":{\"@id\":\"https:\/\/goies.eu\/es\/#website\"},\"datePublished\":\"2022-06-22T11:45:51+00:00\",\"dateModified\":\"2022-06-22T12:04:02+00:00\",\"breadcrumb\":{\"@id\":\"https:\/\/goies.eu\/es\/termeni-si-conditii\/#breadcrumb\"},\"inLanguage\":\"en-US\",\"potentialAction\":[{\"@type\":\"ReadAction\",\"target\":[\"https:\/\/goies.eu\/es\/termeni-si-conditii\/\"]}]},{\"@type\":\"BreadcrumbList\",\"@id\":\"https:\/\/goies.eu\/es\/termeni-si-conditii\/#breadcrumb\",\"itemListElement\":[{\"@type\":\"ListItem\",\"position\":1,\"name\":\"Home\",\"item\":\"https:\/\/goies.eu\/es\/\"},{\"@type\":\"ListItem\",\"position\":2,\"name\":\"Termeni \u0219i condi\u021bii\"}]},{\"@type\":\"WebSite\",\"@id\":\"https:\/\/goies.eu\/es\/#website\",\"url\":\"https:\/\/goies.eu\/es\/\",\"name\":\"GOIES\",\"description\":\"SOLU\u021aII DE TRANSPORT EXPRESS\",\"publisher\":{\"@id\":\"https:\/\/goies.eu\/es\/#organization\"},\"potentialAction\":[{\"@type\":\"SearchAction\",\"target\":{\"@type\":\"EntryPoint\",\"urlTemplate\":\"https:\/\/goies.eu\/es\/?s={search_term_string}\"},\"query-input\":\"required name=search_term_string\"}],\"inLanguage\":\"en-US\"},{\"@type\":\"Organization\",\"@id\":\"https:\/\/goies.eu\/es\/#organization\",\"name\":\"I-GOies Express Solutions\",\"url\":\"https:\/\/goies.eu\/es\/\",\"sameAs\":[\"https:\/\/www.facebook.com\/IGoies\"],\"logo\":{\"@type\":\"ImageObject\",\"inLanguage\":\"en-US\",\"@id\":\"https:\/\/goies.eu\/es\/#\/schema\/logo\/image\/\",\"url\":\"https:\/\/goies.eu\/es\/wp-content\/uploads\/2022\/08\/Logo-Goies-mic.jpg\",\"contentUrl\":\"https:\/\/goies.eu\/es\/wp-content\/uploads\/2022\/08\/Logo-Goies-mic.jpg\",\"width\":676,\"height\":239,\"caption\":\"I-GOies Express Solutions\"},\"image\":{\"@id\":\"https:\/\/goies.eu\/es\/#\/schema\/logo\/image\/\"}}]}<\/script>\n<!-- \/ Yoast SEO plugin. -->","yoast_head_json":{"title":"Termeni \u0219i condi\u021bii - GOIES","robots":{"index":"index","follow":"follow","max-snippet":"max-snippet:-1","max-image-preview":"max-image-preview:large","max-video-preview":"max-video-preview:-1"},"canonical":"https:\/\/goies.eu\/es\/termeni-si-conditii\/","og_locale":"en_US","og_type":"article","og_title":"Termeni \u0219i condi\u021bii - GOIES","og_description":"Termeni \u0219i condi\u021bii &nbsp; &nbsp; Conditii Generale pentru utilizarea site-ului www.goies.eu ACCEPTAREA CONDITIILOR Prin accesarea acestui site web si\/sau a oricarei pagini a acestuia sunteti de acord cu aceste conditii de utilizare. Daca nu sunteti de acord cu acesti termeni si conditii de utilizare, nu accesati acest site. DESCRIEREA SERVICIILOR Siteul nostru va pune la [&hellip;]","og_url":"https:\/\/goies.eu\/es\/termeni-si-conditii\/","og_site_name":"GOIES","article_publisher":"https:\/\/www.facebook.com\/IGoies","article_modified_time":"2022-06-22T12:04:02+00:00","twitter_card":"summary_large_image","twitter_misc":{"Est. reading time":"7 minutes"},"schema":{"@context":"https:\/\/schema.org","@graph":[{"@type":"WebPage","@id":"https:\/\/goies.eu\/es\/termeni-si-conditii\/","url":"https:\/\/goies.eu\/es\/termeni-si-conditii\/","name":"Termeni \u0219i condi\u021bii - GOIES","isPartOf":{"@id":"https:\/\/goies.eu\/es\/#website"},"datePublished":"2022-06-22T11:45:51+00:00","dateModified":"2022-06-22T12:04:02+00:00","breadcrumb":{"@id":"https:\/\/goies.eu\/es\/termeni-si-conditii\/#breadcrumb"},"inLanguage":"en-US","potentialAction":[{"@type":"ReadAction","target":["https:\/\/goies.eu\/es\/termeni-si-conditii\/"]}]},{"@type":"BreadcrumbList","@id":"https:\/\/goies.eu\/es\/termeni-si-conditii\/#breadcrumb","itemListElement":[{"@type":"ListItem","position":1,"name":"Home","item":"https:\/\/goies.eu\/es\/"},{"@type":"ListItem","position":2,"name":"Termeni \u0219i condi\u021bii"}]},{"@type":"WebSite","@id":"https:\/\/goies.eu\/es\/#website","url":"https:\/\/goies.eu\/es\/","name":"GOIES","description":"SOLU\u021aII DE TRANSPORT EXPRESS","publisher":{"@id":"https:\/\/goies.eu\/es\/#organization"},"potentialAction":[{"@type":"SearchAction","target":{"@type":"EntryPoint","urlTemplate":"https:\/\/goies.eu\/es\/?s={search_term_string}"},"query-input":"required name=search_term_string"}],"inLanguage":"en-US"},{"@type":"Organization","@id":"https:\/\/goies.eu\/es\/#organization","name":"I-GOies Express Solutions","url":"https:\/\/goies.eu\/es\/","sameAs":["https:\/\/www.facebook.com\/IGoies"],"logo":{"@type":"ImageObject","inLanguage":"en-US","@id":"https:\/\/goies.eu\/es\/#\/schema\/logo\/image\/","url":"https:\/\/goies.eu\/es\/wp-content\/uploads\/2022\/08\/Logo-Goies-mic.jpg","contentUrl":"https:\/\/goies.eu\/es\/wp-content\/uploads\/2022\/08\/Logo-Goies-mic.jpg","width":676,"height":239,"caption":"I-GOies Express Solutions"},"image":{"@id":"https:\/\/goies.eu\/es\/#\/schema\/logo\/image\/"}}]}},"_links":{"self":[{"href":"https:\/\/goies.eu\/es\/wp-json\/wp\/v2\/pages\/430","targetHints":{"allow":["GET"]}}],"collection":[{"href":"https:\/\/goies.eu\/es\/wp-json\/wp\/v2\/pages"}],"about":[{"href":"https:\/\/goies.eu\/es\/wp-json\/wp\/v2\/types\/page"}],"author":[{"embeddable":true,"href":"https:\/\/goies.eu\/es\/wp-json\/wp\/v2\/users\/1"}],"replies":[{"embeddable":true,"href":"https:\/\/goies.eu\/es\/wp-json\/wp\/v2\/comments?post=430"}],"version-history":[{"count":3,"href":"https:\/\/goies.eu\/es\/wp-json\/wp\/v2\/pages\/430\/revisions"}],"predecessor-version":[{"id":440,"href":"https:\/\/goies.eu\/es\/wp-json\/wp\/v2\/pages\/430\/revisions\/440"}],"wp:attachment":[{"href":"https:\/\/goies.eu\/es\/wp-json\/wp\/v2\/media?parent=430"}],"curies":[{"name":"wp","href":"https:\/\/api.w.org\/{rel}","templated":true}]}}